{"id":10,"date":"2017-09-30T18:13:11","date_gmt":"2017-09-30T18:13:11","guid":{"rendered":"http:\/\/wp12871018.server-he.de\/wpshop\/?page_id=10"},"modified":"2017-11-11T20:16:31","modified_gmt":"2017-11-11T20:16:31","slug":"impressum","status":"publish","type":"page","link":"https:\/\/weinhaus-graf.com\/wpshop\/impressum\/","title":{"rendered":"Impressum"},"content":{"rendered":"<p><strong>Anbieter von weinhaus-graf.de, weinhaus-graf.com:<\/strong> Ulrich Graf<\/p>\n<p><strong>Anschrift:<\/strong> R\u00f6merstr. 7, 55457 Gensingen<br \/>\n<strong>Telefon:<\/strong> 06727-213<br \/>\n<strong>Fax:<\/strong> 06727-5421<\/p>\n<p><strong>E-Mail<\/strong>: info@weinhaus-graf.de<br \/>\n<strong>Umsatzsteuer-Identifikationsnummer:<\/strong> DE 255413296<\/p>\n<p><strong>redaktionell Verantwortlicher gem\u00e4\u00df \u00a7 55 Abs. 2 RStV:<\/strong> Ulrich Graf, R\u00f6merstr. 7, 55457 Gensingen<\/p>\n<p><strong>Aufsichtsbeh\u00f6rde:<\/strong> Ministerium f\u00fcr Wirtschaft, Verkehr, Landwirtschaft und Weinbau, Stiftsstra\u00dfe 9, 55116 Mainz<\/p>\n<p><strong>gesetzliche Grundlage unserer T\u00e4tigkeit:<\/strong><\/p>\n<ul>\n<li>Weingesetz (WeinG): http:\/\/www.gesetze-im-internet.de\/weing_1994\/index.html<\/li>\n<li>Branntweingesetz<\/li>\n<li>EU Spirituosenverordnung<\/li>\n<\/ul>\n<p><strong>Online-Streitbeilegung (OS):<\/strong> Die Europ\u00e4ische Kommission stellt eine Plattform zur Online-Streitbeilegung (OS) bereit. Die Plattform finden Sie unter https:\/\/ec.europa.eu\/consumers\/odr\/. Unsere E-Mailadresse lautet: info@weinhaus-graf.de<\/p>\n","protected":false},"excerpt":{"rendered":"<p>Anbieter von weinhaus-graf.de, weinhaus-graf.com: Ulrich Graf Anschrift: R\u00f6merstr. 7, 55457 Gensingen Telefon: 06727-213 Fax: 06727-5421 E-Mail: info@weinhaus-graf.de Umsatzsteuer-Identifikationsnummer: DE 255413296 redaktionell Verantwortlicher gem\u00e4\u00df \u00a7 55 Abs. 2 RStV: Ulrich Graf, R\u00f6merstr. 7, 55457 Gensingen Aufsichtsbeh\u00f6rde: Ministerium f\u00fcr Wirtschaft, Verkehr, Landwirtschaft und Weinbau, Stiftsstra\u00dfe 9, 55116 Mainz gesetzliche Grundlage unserer T\u00e4tigkeit: Weingesetz (WeinG): http:\/\/www.gesetze-im-internet.de\/weing_1994\/index.html Branntweingesetz EU [&hellip;]<\/p>\n","protected":false},"author":25,"featured_media":0,"parent":0,"menu_order":0,"comment_status":"closed","ping_status":"closed","template":"","meta":{"footnotes":""},"class_list":["post-10","page","type-page","status-publish","hentry"],"_links":{"self":[{"href":"https:\/\/weinhaus-graf.com\/wpshop\/wp-json\/wp\/v2\/pages\/10","targetHints":{"allow":["GET"]}}],"collection":[{"href":"https:\/\/weinhaus-graf.com\/wpshop\/wp-json\/wp\/v2\/pages"}],"about":[{"href":"https:\/\/weinhaus-graf.com\/wpshop\/wp-json\/wp\/v2\/types\/page"}],"author":[{"embeddable":true,"href":"https:\/\/weinhaus-graf.com\/wpshop\/wp-json\/wp\/v2\/users\/25"}],"replies":[{"embeddable":true,"href":"https:\/\/weinhaus-graf.com\/wpshop\/wp-json\/wp\/v2\/comments?post=10"}],"version-history":[{"count":3,"href":"https:\/\/weinhaus-graf.com\/wpshop\/wp-json\/wp\/v2\/pages\/10\/revisions"}],"predecessor-version":[{"id":253,"href":"https:\/\/weinhaus-graf.com\/wpshop\/wp-json\/wp\/v2\/pages\/10\/revisions\/253"}],"wp:attachment":[{"href":"https:\/\/weinhaus-graf.com\/wpshop\/wp-json\/wp\/v2\/media?parent=10"}],"curies":[{"name":"wp","href":"https:\/\/api.w.org\/{rel}","templated":true}]}}