{"id":11,"date":"2017-09-30T18:13:11","date_gmt":"2017-09-30T18:13:11","guid":{"rendered":"http:\/\/wp12871018.server-he.de\/wpshop\/?page_id=11"},"modified":"2020-12-23T10:18:04","modified_gmt":"2020-12-23T10:18:04","slug":"agb","status":"publish","type":"page","link":"https:\/\/weinhaus-graf.com\/wpshop\/agb\/","title":{"rendered":"AGB"},"content":{"rendered":"<h2>Allgemeine Gesch\u00e4ftsbedingungen f\u00fcr K\u00e4ufe im Onlineshop unter http:\/\/shop.weinhaus-graf.com<\/h2>\n<h2>\u00a7 1 Allgemeines, Geltungsbereich der AGB<\/h2>\n<p>1.1 Vertragspartner ist Ulrich Graf -Weinhaus Graf-, R\u00f6merstr. 7, 55457 Gensingen (nachfolgend \u201eVerk\u00e4ufer\u201c).<\/p>\n<p>1.2 Kunde im Sinne dieser Gesch\u00e4ftsbedingungen k\u00f6nnen sowohl Verbraucher als auch Unternehmer sein (nachfolgend \u201eKunde\u201c). Verbraucher ist jede nat\u00fcrliche Person, die ein Rechtsgesch\u00e4ft zu Zwecken abschlie\u00dft, die \u00fcberwiegend weder ihrer gewerblichen noch ihrer selbst\u00e4ndigen beruflichen T\u00e4tigkeit zugerechnet werden k\u00f6nnen. Unternehmer im Sinne der Gesch\u00e4ftsbedingungen sind nat\u00fcrliche oder juristische Personen oder rechtsf\u00e4hige Personengesellschaften, die bei Vertragsschluss mit dem Verk\u00e4ufer in Aus\u00fcbung ihrer gewerblichen oder selbst\u00e4ndigen beruflichen T\u00e4tigkeit handeln.<\/p>\n<p>1.3 Alle Lieferungen und Leistungen erfolgen ausschlie\u00dflich auf der Grundlage der nachfolgenden Allgemeinen Gesch\u00e4ftsbedingungen (nachfolgend \u201eAGB\u201c) in ihrer zum Zeitpunkt der Bestellung g\u00fcltigen Fassung. Sofern nicht ausdr\u00fccklich schriftlich vereinbart, finden abweichende Gesch\u00e4ftsbedingungen von Unternehmern keine Anwendung.<\/p>\n<h2>\u00a7 2 Vertragsschluss, Zustandekommen des Vertrags<\/h2>\n<p>2.1 Unsere Angebote und Artikelpr\u00e4sentationen stellen kein bindendes Angebot dar. Erst Ihre Bestellung ist ein bindendes Angebot nach \u00a7 145 B\u00fcrgerliches Gesetzbuch (BGB), welches wir annehmen k\u00f6nnen. Nach Versendung der Bestellung \u00fcbermitteln wir Ihnen zun\u00e4chst eine Bestell-Eingangsbest\u00e4tigung per E-Mail. Bei Annahme Ihrer Bestellung durch uns erhalten Sie innerhalb von 3 Werktagen nach Eingang Ihrer Bestellung eine Auftragsbest\u00e4tigung per E-Mail, mit der der Vertrag zustande kommt.<\/p>\n<p>2.2 Haben Sie das gew\u00fcnschte Produkt gefunden, k\u00f6nnen Sie dieses unverbindlich durch Anklicken des Produktnamens, des Produktbildes oder des Buttons [Details] genauer ansehen. Durch Anklicken des Buttons [In den Warenkorb] k\u00f6nnen sie den Artikel in den Warenkorb legen. Den Inhalt des Warenkorbs k\u00f6nnen Sie jederzeit durch Anklicken des Buttons [Warenkorb\u00bb] unverbindlich ansehen. Die Produkte k\u00f6nnen Sie durch Anklicken der Grafik [X] wieder aus dem Warenkorb entfernen oder durch Anpassung der Mengenangabe \u00e4ndern. Klicken Sie sodann auf den Button [Aktualisieren], damit die \u00c4nderung im Warenkorb \u00fcbernommen werden kann. Wenn Sie die Produkte im Warenkorb kaufen wollen, klicken Sie in der Seite \u201eWarenkorb\u201c auf den Button [Zur Kasse].<\/p>\n<p>Im Verlauf des weiteren Bestellvorgangs m\u00fcssen Sie bei Ihrer ersten Bestellung bei uns ein Kundenkonto anlegen oder sich in Ihr bestehendes Kundenkonto einloggen. W\u00e4hlen die Versand- sowie die Zahlungsart. Im letzten Schritt erhalten Sie unter \u201eBestellung pr\u00fcfen\u201c nochmals eine \u00dcbersicht \u00fcber Ihre Bestelldaten und k\u00f6nnen alle Angaben \u00fcberpr\u00fcfen und unter [korrigieren] l\u00f6schen oder \u00e4ndern. Eingabefehler k\u00f6nnen Sie auch dadurch berichtigen, dass Sie im Browser r\u00fcckw\u00e4rts navigieren oder den Bestellvorgang abbrechen und von vorn beginnen. Um den Einkauf abzuschlie\u00dfen, m\u00fcssen Sie auf den Button [Kaufen] dr\u00fccken. Damit versenden Sie die Bestellung an uns.<\/p>\n<h2>\u00a7 3 Speicherung des Vertragstextes<\/h2>\n<p>Wir speichern Ihre Bestellung, die eingegebenen Bestelldaten sowie den gesamten Vertragstext. Wir senden Ihnen per E-Mail eine Bestell-Eingangsbest\u00e4tigung und anschlie\u00dfend eine Auftragsbest\u00e4tigung mit allen Bestelldaten und dem gesamten Vertragstext zu. Auch haben Sie die M\u00f6glichkeit, sowohl die Bestellung als auch die Allgemeinen Gesch\u00e4ftsbedingungen vor dem Absenden der Bestellung an uns auszudrucken. Schlie\u00dflich haben Sie \u00fcber Ihr Kundenkonto jederzeit Zugriff auf die von Ihnen get\u00e4tigten Bestellungen.<\/p>\n<h2>\u00a7 4 Widerrufsrecht f\u00fcr Verbraucher<\/h2>\n<p>4.1 Das folgende Widerrufsrecht besteht nur f\u00fcr Verbraucher im Fernabsatz:<\/p>\n<p><strong>Widerrufsbelehrung<\/strong><\/p>\n<p><strong>Widerrufsrecht<\/strong><\/p>\n<p>Sie haben das Recht, binnen vierzehn Tagen ohne Angabe von Gr\u00fcnden diesen Vertrag zu widerrufen.<\/p>\n<p>Die Widerrufsfrist betr\u00e4gt vierzehn Tage ab dem Tag, an dem Sie oder ein von Ihnen benannter Dritter, der nicht der Bef\u00f6rderer ist, die Waren in Besitz genommen haben bzw. hat.<\/p>\n<p>Um Ihr Widerrufsrecht auszu\u00fcben, m\u00fcssen Sie uns (Ulrich Graf -Weinhaus Graf-, R\u00f6merstr. 7, 55457 Gensingen, Telefon: 06727-213, Fax: 06727-5421, E-Mail: info@weinhaus-graf.de) mittels einer eindeutigen Erkl\u00e4rung (z. B. ein mit der Post versandter Brief oder E-Mail) \u00fcber Ihren Entschluss, diesen Vertrag zu widerrufen, informieren. Sie k\u00f6nnen daf\u00fcr das beigef\u00fcgte Muster-Widerrufsformular verwenden, das jedoch nicht vorgeschrieben ist.<\/p>\n<p>Zur Wahrung der Widerrufsfrist reicht es aus, dass Sie die Mitteilung \u00fcber die Aus\u00fcbung des Widerrufsrechts vor Ablauf der Widerrufsfrist absenden.<\/p>\n<p><strong>Folgen des Widerrufs<\/strong><\/p>\n<p>Wenn Sie diesen Vertrag widerrufen, haben wir Ihnen alle Zahlungen, die wir von Ihnen erhalten haben, einschlie\u00dflich der Lieferkosten (mit Ausnahme der zus\u00e4tzlichen Kosten, die sich daraus ergeben, dass Sie eine andere Art der Lieferung als die von uns angebotene, g\u00fcnstigste Standardlieferung gew\u00e4hlt haben), unverz\u00fcglich und sp\u00e4testens binnen vierzehn Tagen ab dem Tag zur\u00fcckzuzahlen, an dem die Mitteilung \u00fcber Ihren Widerruf dieses Vertrags bei uns eingegangen ist. F\u00fcr diese R\u00fcckzahlung verwenden wir dasselbe Zahlungsmittel, das Sie bei der urspr\u00fcnglichen Transaktion eingesetzt haben, es sei denn, mit Ihnen wurde ausdr\u00fccklich etwas anderes vereinbart; in keinem Fall werden Ihnen wegen dieser R\u00fcckzahlung Entgelte berechnet. Wir k\u00f6nnen die R\u00fcckzahlung verweigern, bis wir die Waren wieder zur\u00fcckerhalten haben oder bis Sie den Nachweis erbracht haben, dass Sie die Waren zur\u00fcckgesandt haben, je nachdem, welches der fr\u00fchere Zeitpunkt ist.<\/p>\n<p>Sie haben die Waren unverz\u00fcglich und in jedem Fall sp\u00e4testens binnen vierzehn Tagen ab dem Tag, an dem Sie uns \u00fcber den Widerruf dieses Vertrags unterrichten, an uns zur\u00fcckzusenden oder zu \u00fcbergeben. Die Frist ist gewahrt, wenn Sie die Waren vor Ablauf der Frist von vierzehn Tagen absenden. Sie tragen die unmittelbaren Kosten der R\u00fccksendung der Waren.<\/p>\n<p>Sie m\u00fcssen f\u00fcr einen etwaigen Wertverlust der Waren nur aufkommen, wenn dieser Wertverlust auf einen zur Pr\u00fcfung der Beschaffenheit, Eigenschaften und Funktionsweise der Waren nicht notwendigen Umgang mit ihnen zur\u00fcckzuf\u00fchren ist.<\/p>\n<p><strong>4.2 Hinweis auf das Nichtbestehen des Widerrufsrechts<\/strong><\/p>\n<p>Das <strong>Widerrufsrecht besteht nicht <\/strong>bei Fernabsatzvertr\u00e4gen,<\/p>\n<ul>\n<li>zur Lieferung versiegelter Waren, die aus Gr\u00fcnden des Gesundheitsschutzes oder der Hygiene nicht zur R\u00fcckgabe geeignet sind, wenn ihre Versiegelung nach der Lieferung entfernt wurde.<\/li>\n<\/ul>\n<h2>\u00a7 5 Muster-Widerrufsformular<\/h2>\n<p>(Wenn Sie den Vertrag widerrufen wollen, dann f\u00fcllen Sie bitte dieses Formular aus und senden Sie es zur\u00fcck.)<\/p>\n<p>An<\/p>\n<p>Tel: 06727-213<\/p>\n<p>Fax: 06727-5421<\/p>\n<p>E-Mail: info@weinhaus-graf.de<\/p>\n<p>Hiermit widerrufe(n) ich\/wir (*) den von mir\/uns (*) abgeschlossenen Vertrag \u00fcber den Kauf<\/p>\n<p>der folgenden Waren (*)\/die Erbringung der folgenden Dienstleistung (*)<\/p>\n<p>Bestellt am (*)\/erhalten am (*)<\/p>\n<p>Name des\/der Verbraucher(s)<\/p>\n<p>Anschrift des\/der Verbraucher(s)<\/p>\n<p>Unterschrift des\/der Verbraucher(s) (nur bei Mitteilung auf Papier)<\/p>\n<p>Datum<\/p>\n<p>(*) Unzutreffendes streichen.<\/p>\n<h2>\u00a7 6 Preise und Versandkosten<\/h2>\n<p>Alle Preise gelten inklusive der gesetzlichen Mehrwertsteuer zuz\u00fcglich Versandkosten.<\/p>\n<h2>\u00a7 7 Lieferbedingungen<\/h2>\n<p>7.1 Wir liefern ausschlie\u00dflich innerhalb Deutschlands<\/p>\n<p>7.2 Beim Kauf per Vorkasse erhalten Sie nach Zahlungseingang per E-Mail eine Rechnungskopie. Die Lieferung der Ware erfolgt, sofern beim Angebot nicht anders angegeben, innerhalb 3-4 Tagen Werktagen nach \u00dcbersendung dieser E-Mail.<\/p>\n<p>7.3 Wir liefern per Deutsche Post oder einem anderen Anbieter unserer Wahl. Eine Selbstabholung ist ebenfalls m\u00f6glich. Die Lieferung erfolgt in 6er, 12er und 20er Kartons auf Kosten des K\u00e4ufers.<\/p>\n<p>7.4 Unser Angebot richtet sich an vollj\u00e4hrige Personen. <strong>Wenn der Kunde unter 18 Jahren alt ist, darf er keinen Branntwein, branntweinhaltige Getr\u00e4nke oder Lebensmittel, die Branntwein in nicht nur geringf\u00fcgiger Menge enthalten \u00fcber uns bestellen. Andere alkoholische Getr\u00e4nke, z.B. Wein werden nicht an Kinder und Jugendliche unter 16 Jahren ausgeliefert.<\/strong> Die Auslieferung und Aush\u00e4ndigung der Ware erfolgt ausschlie\u00dflich an vollj\u00e4hrige Personen<\/p>\n<h2>\u00a7 8 Zahlungsbedingungen<\/h2>\n<p>8.1 Die Zahlung erfolgt per Vorkasse durch Vorab\u00fcberweisung. Dies gilt auch bei einer Selbstabholung. Hierbei nennen wir Ihnen unsere Bankverbindung in der Auftragsbest\u00e4tigung. Der Rechnungsbetrag ist binnen 10 Tagen auf unser Konto zu \u00fcberweisen.<\/p>\n<p>8.2 Bei Verbrauchern behalten wir uns das Eigentum an der Kaufsache bis zur vollst\u00e4ndigen Zahlung des Rechnungsbetrags vor. Sind Sie Unternehmer in Aus\u00fcbung Ihrer gewerblichen oder selbst\u00e4ndigen beruflichen T\u00e4tigkeit, eine juristische Person des \u00f6ffentlichen Rechts oder \u00f6ffentlich-rechtliches Sonderverm\u00f6gen, behalten wir uns das Eigentum an der Kaufsache bis zum Ausgleich aller noch offenen Forderungen aus der Gesch\u00e4ftsverbindung mit dem K\u00e4ufer vor. Die entsprechenden Sicherungsrechte sind auf Dritte \u00fcbertragbar.<\/p>\n<p>8.3 Ein Recht zur Aufrechnung steht Ihnen nur zu, wenn Ihre Gegenanspr\u00fcche rechtskr\u00e4ftig festgestellt oder von uns unbestritten oder anerkannt sind. Au\u00dferdem haben Sie ein Zur\u00fcckbehaltungsrecht nur, wenn und soweit Ihr Gegenanspruch auf dem gleichen Vertragsverh\u00e4ltnis beruht.<\/p>\n<p>8.4 Wenn Sie Verbraucher sind, ist der Kaufpreis mit Eintritt des Zahlungsverzugs w\u00e4hrend des Verzuges in H\u00f6he von 5%-Punkte \u00fcber dem Basiszinssatz zu verzinsen. Wenn Sie nicht Verbraucher sind, betr\u00e4gt der Zinssatz w\u00e4hrend des Zahlungsverzuges 9%-Punkte \u00fcber dem Basiszinssatz. Zudem sind wir gegen\u00fcber Unternehmern bei Zahlungsverzug berechtigt, zudem eine Schadenpauschale in H\u00f6he von 40 \u20ac geltend zu machen. Wir behalten uns vor, einen h\u00f6heren Verzugsschaden nachzuweisen und geltend zu machen.<\/p>\n<h2>\u00a7 9 Gew\u00e4hrleistung<\/h2>\n<p>9.1 Wenn Sie Verbraucher sind, erfolgt die Gew\u00e4hrleistung nach den gesetzlichen Bestimmungen.<\/p>\n<p>9.2 Wenn Sie ihre Bestellung bei uns als Unternehmer vornehmen, gilt folgendes:<\/p>\n<p>9.2.1 Gelieferte Waren sind vom Kunden, soweit dies nach ordnungsm\u00e4\u00dfigem Gesch\u00e4ftsgange tunlich ist, unverz\u00fcglich nach Ablieferung zu untersuchen. Wenn sich ein Mangel zeigt, ist uns unverz\u00fcglich Anzeige zu machen. Unterl\u00e4sst der Kunde die Anzeige, so gilt die Ware als genehmigt, es sei denn, dass es sich um einen Mangel handelt, der bei der Untersuchung nicht erkennbar war. Zeigt sich sp\u00e4ter ein solcher Mangel, so muss die Anzeige unverz\u00fcglich nach der Entdeckung gemacht werden, anderenfalls gilt die Ware auch in Ansehung dieses Mangels als genehmigt. \u00a7 377 HGB bleibt unber\u00fchrt. Seiner Untersuchungspflicht ist der Kunde auch im Falle des R\u00fcckgriffes des Unternehmers nach \u00a7 478 BGB nicht enthoben. Zeigt er in solchen F\u00e4llen den von seinem Abnehmer geltend gemachten Mangel nicht sofort an, so gilt die Ware auch in Ansehung dieses Mangels als genehmigt.<\/p>\n<p>9.2.2 Soweit ein Mangel vorliegt, sind wir unter Ber\u00fccksichtigung der Art des Mangels und der berechtigten Interessen des Kunden berechtigt, die Art der Nacherf\u00fcllung zu bestimmen. Eine Nacherf\u00fcllung gilt bei diesen Vertr\u00e4gen nach dem erfolglosen dritten Versuch als fehlgeschlagen. Diese Ziffer gilt nicht im Fall des R\u00fcckgriffes nach \u00a7 478 BGB.<\/p>\n<p>9.2.3 Im Fall der Nacherf\u00fcllung bei M\u00e4ngeln sind wir nur insoweit verpflichtet, die hierf\u00fcr erforderlichen Aufwendungen, insbesondere Transport-, Wege,- Arbeits- und Materialkosten zu tragen, als sich diese nicht dadurch erh\u00f6hen, dass die Sache an einen anderen Ort als den Sitz oder die gewerbliche Niederlassung des Kunden, an die geliefert wurde, verbracht wurde. Diese Ziffer gilt nicht im Fall des R\u00fcckgriffes nach \u00a7 478 BGB.<\/p>\n<p>9.2.4 Die M\u00e4ngelanspr\u00fcche des Kunden einschlie\u00dflich der Schadensersatzanspr\u00fcche verj\u00e4hren in einem Jahr. Dies gilt nicht im Fall des R\u00fcckgriffs nach \u00a7 478 BGB, dies gilt ferner nicht in den F\u00e4llen der \u00a7\u00a7 438 Abs. 1 Nr. 2 BGB sowie des \u00a7 634a Abs. 1 Nr. 2 BGB. Dies gilt auch nicht f\u00fcr Schadensersatzanspr\u00fcche wegen Verletzung des Lebens, des K\u00f6rpers oder der Gesundheit oder aufgrund einer grob fahrl\u00e4ssigen oder vors\u00e4tzlichen Pflichtverletzung durch uns oder unsere Erf\u00fcllungsgehilfen.<\/p>\n<h2>\u00a7 10 Haftung auf Schadensersatz und Aufwendungsersatz<\/h2>\n<p>10.1 Wenn Sie Verbraucher sind, haften wir f\u00fcr Sch\u00e4den nach den gesetzlichen Bestimmungen.<\/p>\n<p>10.2 Wenn Sie ihre Bestellung bei uns als Unternehmer vornehmen, gilt im Falle unserer vertraglichen Haftung auf Schadensersatz gem\u00e4\u00df Ziffer 10.2 bis 10.8 folgendes:<\/p>\n<p>10.2.1 Sofern die Anspr\u00fcche auf einer vors\u00e4tzlichen oder grobfahrl\u00e4ssigen Pflichtverletzung durch uns, unsere Vertreter oder unsere Erf\u00fcllungsgehilfen beruhen, haften wir auf Schadensersatz nach den gesetzlichen Bestimmungen.<\/p>\n<p>10.2.2 Sofern wir oder unsere Vertreter oder Erf\u00fcllungsgehilfen leicht fahrl\u00e4ssig eine Pflicht verletzt haben, deren Erf\u00fcllung die ordnungsgem\u00e4\u00dfe Durchf\u00fchrung des Vertrags \u00fcberhaupt erst erm\u00f6glicht, deren Verletzung die Erreichung des Vertragszwecks gef\u00e4hrdet und auf deren Einhaltung der Kunde regelm\u00e4\u00dfig vertraut, ist die Haftung auf den vorhersehbaren, typischerweise eintretenden Schaden begrenzt.<\/p>\n<p>10.2.3 Soweit unter den Ziffern 10.2.1 und 10.2.2 nichts anderes bestimmt ist, ist unsere Haftung auf Schadensersatz ausgeschlossen. Dasselbe gilt auch, soweit gegen uns als Lieferanten R\u00fcckgriffsanspr\u00fcche gem. \u00a7 478 BGB geltend gemacht werden.<\/p>\n<p>10.3 Die Haftungsausschl\u00fcsse und -beschr\u00e4nkungen unter Ziffer 10.2 gelten auch f\u00fcr sonstige Anspr\u00fcche, insbesondere deliktische Anspr\u00fcche oder Anspr\u00fcche auf Ersatz vergeblicher Aufwendungen statt der Leistung.<\/p>\n<p>10.4 Die Haftungsausschl\u00fcsse und -beschr\u00e4nkungen unter Ziffer 10.2 gelten nicht f\u00fcr gegebenenfalls bestehende Anspr\u00fcche gem. \u00a7\u00a7 1, 4 Produkthaftungsgesetz oder wegen schuldhafter Verletzung des Lebens, des K\u00f6rpers oder der Gesundheit. Sie gelten auch nicht, soweit wir eine Garantie f\u00fcr die Beschaffenheit unserer Ware oder einen Leistungserfolg oder ein Beschaffungsrisiko \u00fcbernommen haben und der Garantiefall eingetreten ist oder das Beschaffungsrisiko sich realisiert hat.<\/p>\n<p>10.5 Die richtige und rechtzeitige Selbstbelieferung durch den Zulieferer bleibt vorbehalten, es sei denn der Verk\u00e4ufer hat die unrichtige und\/oder versp\u00e4tete Lieferung verschuldet..<\/p>\n<p>10.6 Sofern nicht die Haftungsbegrenzung gem. Ziffer 10.2 bei Anspr\u00fcchen aus der Produzentenhaftung gem. \u00a7 823 BGB eingreift, ist unsere Haftung auf die Ersatzleistung der Versicherung begrenzt. Soweit diese nicht oder nicht vollst\u00e4ndig eintritt, sind wir bis zur H\u00f6he der Deckungssumme zur Haftung verpflichtet. Diese Ziffer gilt nicht bei schuldhafter Verletzung des Lebens, des K\u00f6rpers oder der Gesundheit.<\/p>\n<p>10.7 Soweit unsere Haftung ausgeschlossen oder beschr\u00e4nkt ist, gilt dies auch f\u00fcr die pers\u00f6nliche Haftung unserer Angestellten, Arbeitnehmer, Mitarbeiter, Vertreter und Erf\u00fcllungsgehilfen.<\/p>\n<p>10.8 Eine Umkehr der Beweislast ist mit den vorstehenden Regelungen nicht verbunden.<\/p>\n<h2>\u00a7 11 Kundenservice<\/h2>\n<p>Bei Fragen, Beschwerden oder Reklamationen nehmen Sie bitte Kontakt zu uns auf. Sie erreichen uns Montag &#8211; Freitag zwischen [09.00] Uhr und [16.00] Uhr unter der Telefonnummer 06727-213 oder per E-Mail an <a href=\"mailto:info@weinhaus-graf.de\">info@weinhaus-graf.de<\/a>.<\/p>\n<h2>\u00a7 12 Rechtsordnung, Gerichtsstand<\/h2>\n<p>12.1 Es gilt deutsches Recht unter Ausschluss des UN-Kaufrechts.<\/p>\n<p>12.2 Bei Verbrauchern gilt diese Rechtswahl nur insoweit, als dadurch nicht zwingende Bestimmungen des Rechts des Staates, in dem er seinen gew\u00f6hnlichen Aufenthalt hat, entzogen werden.<\/p>\n<p>12.3 F\u00fcr alle Streitigkeiten aus dem Vertragsverh\u00e4ltnis richtet sich, wenn der Besteller Kaufmann, eine juristische Person des \u00f6ffentlichen Rechts oder ein \u00f6ffentlich-rechtliches Sonderverm\u00f6gen ist, der Gerichtsstand nach dem Sitz unseres Unternehmens in 55457 Gensingen.<\/p>\n<h2>\u00a7 13 Sonstiges<\/h2>\n<p>13.1 Die Vertragssprache ist Deutsch.<\/p>\n<p>13.2 Sind eine oder mehrere Regelungen dieser AGB unwirksam, so bleibt der Vertrag im \u00dcbrigen wirksam. Soweit die Bestimmungen unwirksam sind, richtet sich der Inhalt des Vertrages nach den gesetzlichen Vorschriften.<\/p>\n","protected":false},"excerpt":{"rendered":"<p>Allgemeine Gesch\u00e4ftsbedingungen f\u00fcr K\u00e4ufe im Onlineshop unter http:\/\/shop.weinhaus-graf.com \u00a7 1 Allgemeines, Geltungsbereich der AGB 1.1 Vertragspartner ist Ulrich Graf -Weinhaus Graf-, R\u00f6merstr. 7, 55457 Gensingen (nachfolgend \u201eVerk\u00e4ufer\u201c). 1.2 Kunde im Sinne dieser Gesch\u00e4ftsbedingungen k\u00f6nnen sowohl Verbraucher als auch Unternehmer sein (nachfolgend \u201eKunde\u201c). Verbraucher ist jede nat\u00fcrliche Person, die ein Rechtsgesch\u00e4ft zu Zwecken abschlie\u00dft, die \u00fcberwiegend [&hellip;]<\/p>\n","protected":false},"author":25,"featured_media":0,"parent":0,"menu_order":0,"comment_status":"closed","ping_status":"closed","template":"","meta":{"footnotes":""},"class_list":["post-11","page","type-page","status-publish","hentry"],"_links":{"self":[{"href":"https:\/\/weinhaus-graf.com\/wpshop\/wp-json\/wp\/v2\/pages\/11","targetHints":{"allow":["GET"]}}],"collection":[{"href":"https:\/\/weinhaus-graf.com\/wpshop\/wp-json\/wp\/v2\/pages"}],"about":[{"href":"https:\/\/weinhaus-graf.com\/wpshop\/wp-json\/wp\/v2\/types\/page"}],"author":[{"embeddable":true,"href":"https:\/\/weinhaus-graf.com\/wpshop\/wp-json\/wp\/v2\/users\/25"}],"replies":[{"embeddable":true,"href":"https:\/\/weinhaus-graf.com\/wpshop\/wp-json\/wp\/v2\/comments?post=11"}],"version-history":[{"count":6,"href":"https:\/\/weinhaus-graf.com\/wpshop\/wp-json\/wp\/v2\/pages\/11\/revisions"}],"predecessor-version":[{"id":7748,"href":"https:\/\/weinhaus-graf.com\/wpshop\/wp-json\/wp\/v2\/pages\/11\/revisions\/7748"}],"wp:attachment":[{"href":"https:\/\/weinhaus-graf.com\/wpshop\/wp-json\/wp\/v2\/media?parent=11"}],"curies":[{"name":"wp","href":"https:\/\/api.w.org\/{rel}","templated":true}]}}