{"id":260,"date":"2017-11-11T20:28:27","date_gmt":"2017-11-11T20:28:27","guid":{"rendered":"http:\/\/weinhaus-graf.com\/wpshop\/?page_id=260"},"modified":"2017-11-11T20:29:58","modified_gmt":"2017-11-11T20:29:58","slug":"kundeninformationen","status":"publish","type":"page","link":"https:\/\/weinhaus-graf.com\/wpshop\/kundeninformationen\/","title":{"rendered":"Kundeninformationen"},"content":{"rendered":"<h2>Unsere Kundeninformationen:<\/h2>\n<h2>a.\u00a0\u00a0\u00a0\u00a0 Ihr Vertragspartner<\/h2>\n<p>Ulrich Graf -Weinhaus Graf-, R\u00f6merstr. 7, 55457 Gensingen, Telefon: 06727-213, Fax: 06727-5421, E-Mail: info@weinhaus-graf.de<\/p>\n<h2>b.\u00a0\u00a0\u00a0 Vertragsschluss<\/h2>\n<p>Unsere Angebote und Artikelpr\u00e4sentationen stellen kein bindendes Angebot dar. Erst Ihre Bestellung ist ein bindendes Angebot nach \u00a7 145 B\u00fcrgerliches Gesetzbuch (BGB), welches wir annehmen k\u00f6nnen. Nach Versendung der Bestellung \u00fcbermitteln wir Ihnen zun\u00e4chst eine Bestell-Eingangsbest\u00e4tigung per E-Mail. Bei Annahme Ihrer Bestellung durch uns erhalten Sie innerhalb von 3 Werktagen nach Eingang Ihrer Bestellung eine Auftragsbest\u00e4tigung per E-Mail, mit der der Vertrag zustande kommt<\/p>\n<h2>c.\u00a0\u00a0\u00a0\u00a0 So bestellen Sie bei uns<\/h2>\n<p>Haben Sie das gew\u00fcnschte Produkt gefunden, k\u00f6nnen Sie dieses unverbindlich durch Anklicken des Produktnamens, des Produktbildes oder des Buttons [Details] genauer ansehen. Durch Anklicken des Buttons [In den Warenkorb] k\u00f6nnen sie den Artikel in den Warenkorb legen. Den Inhalt des Warenkorbs k\u00f6nnen Sie jederzeit durch Anklicken des Buttons [Warenkorb\u00bb] unverbindlich ansehen. Die Produkte k\u00f6nnen Sie durch Anklicken der Grafik [X] wieder aus dem Warenkorb entfernen oder durch Anpassung der Mengenangabe \u00e4ndern. Klicken Sie sodann auf den Button [Aktualisieren], damit die \u00c4nderung im Warenkorb \u00fcbernommen werden kann. Wenn Sie die Produkte im Warenkorb kaufen wollen, klicken Sie in der Seite \u201eWarenkorb\u201c auf den Button [Zur Kasse].<\/p>\n<p>Im Verlauf des weiteren Bestellvorgangs m\u00fcssen Sie bei Ihrer ersten Bestellung bei uns ein Kundenkonto anlegen oder sich in Ihr bestehendes Kundenkonto einloggen. W\u00e4hlen die Versand- sowie die Zahlungsart. Im letzten Schritt erhalten Sie unter \u201eBestellung pr\u00fcfen\u201c nochmals eine \u00dcbersicht \u00fcber Ihre Bestelldaten und k\u00f6nnen alle Angaben \u00fcberpr\u00fcfen und unter [korrigieren] l\u00f6schen oder \u00e4ndern. Eingabefehler k\u00f6nnen Sie auch dadurch berichtigen, dass Sie im Browser r\u00fcckw\u00e4rts navigieren oder den Bestellvorgang abbrechen und von vorn beginnen. Um den Einkauf abzuschlie\u00dfen, m\u00fcssen Sie auf den Button [Kaufen] dr\u00fccken. Damit versenden Sie die Bestellung an uns.<\/p>\n<h2>d.\u00a0\u00a0\u00a0 Speicherung Ihrer Bestellung\/ des Vertrags<\/h2>\n<p>Wir speichern Ihre Bestellung, die eingegebenen Bestelldaten sowie den gesamten Vertragstext. Wir senden Ihnen per E-Mail eine Bestell-Eingangsbest\u00e4tigung und anschlie\u00dfend eine Auftragsbest\u00e4tigung mit allen Bestelldaten und dem gesamten Vertragstext zu.<\/p>\n<h2>e.\u00a0\u00a0\u00a0\u00a0 Gew\u00e4hrleistung<\/h2>\n<p>Wenn Sie Verbraucher sind, erfolgt die Gew\u00e4hrleistung nach den gesetzlichen Bestimmungen.<\/p>\n<h2>f.\u00a0\u00a0\u00a0\u00a0\u00a0 Zahlungsm\u00f6glichkeiten<\/h2>\n<p>Per Vorkasse durch Vorab\u00fcberweisung.<\/p>\n<h2>g.\u00a0\u00a0\u00a0 Lieferbedingungen und Jugendschutz<\/h2>\n<p>Wir liefern ausschlie\u00dflich innerhalb Deutschlands.<\/p>\n<p>Beim Kauf per Vorkasse erhalten Sie nach Zahlungseingang per E-Mail eine Rechnungskopie. Die Lieferung der Ware erfolgt, sofern beim Angebot nicht anders angegeben, innerhalb 3-4 Tagen Werktagen nach \u00dcbersendung dieser E-Mail.<\/p>\n<p>Unser Angebot richtet sich an vollj\u00e4hrige Personen. Wenn der Kunde unter 18 Jahren alt ist, darf er keinen Branntwein, branntweinhaltige Getr\u00e4nke oder Lebensmittel, die Branntwein in nicht nur geringf\u00fcgiger Menge enthalten \u00fcber uns bestellen. Andere alkoholische Getr\u00e4nke, z.B. Wein werden nicht an Kinder und Jugendliche unter 16 Jahren ausgeliefert. Die Auslieferung und Aush\u00e4ndigung der Ware erfolgt ausschlie\u00dflich an vollj\u00e4hrige Personen<\/p>\n<h2>h.\u00a0\u00a0\u00a0 Unser Kundenservice<\/h2>\n<p>Bei Fragen, Beschwerden oder Reklamationen nehmen Sie bitte Kontakt zu uns auf. Sie erreichen uns Montag &#8211; Freitag zwischen [09.00] Uhr und [16.00] Uhr unter der Telefonnummer 06727-213 oder per E-Mail an <a href=\"mailto:info@weinhaus-graf.de\">info@weinhaus-graf.de<\/a>.<\/p>\n<h2>i.\u00a0\u00a0\u00a0\u00a0\u00a0 Hinweis zur Online-Streitbeilegung (OS- Plattform)<\/h2>\n<p>Die Europ\u00e4ische Kommission stellt eine Plattform zur Online-Streitbeilegung (OS) bereit. Die Plattform finden Sie unter <a href=\"https:\/\/ec.europa.eu\/consumers\/odr\/\">https:\/\/ec.europa.eu\/consumers\/odr\/<\/a>. Unsere E-Mailadresse lautet: <a href=\"mailto:info@weinhaus-graf.de\">info@weinhaus-graf.de<\/a>.<\/p>\n<p>&nbsp;<\/p>\n","protected":false},"excerpt":{"rendered":"<p>Unsere Kundeninformationen: a.\u00a0\u00a0\u00a0\u00a0 Ihr Vertragspartner Ulrich Graf -Weinhaus Graf-, R\u00f6merstr. 7, 55457 Gensingen, Telefon: 06727-213, Fax: 06727-5421, E-Mail: info@weinhaus-graf.de b.\u00a0\u00a0\u00a0 Vertragsschluss Unsere Angebote und Artikelpr\u00e4sentationen stellen kein bindendes Angebot dar. Erst Ihre Bestellung ist ein bindendes Angebot nach \u00a7 145 B\u00fcrgerliches Gesetzbuch (BGB), welches wir annehmen k\u00f6nnen. Nach Versendung der Bestellung \u00fcbermitteln wir Ihnen zun\u00e4chst [&hellip;]<\/p>\n","protected":false},"author":25,"featured_media":0,"parent":0,"menu_order":0,"comment_status":"closed","ping_status":"closed","template":"","meta":{"footnotes":""},"class_list":["post-260","page","type-page","status-publish","hentry"],"_links":{"self":[{"href":"https:\/\/weinhaus-graf.com\/wpshop\/wp-json\/wp\/v2\/pages\/260","targetHints":{"allow":["GET"]}}],"collection":[{"href":"https:\/\/weinhaus-graf.com\/wpshop\/wp-json\/wp\/v2\/pages"}],"about":[{"href":"https:\/\/weinhaus-graf.com\/wpshop\/wp-json\/wp\/v2\/types\/page"}],"author":[{"embeddable":true,"href":"https:\/\/weinhaus-graf.com\/wpshop\/wp-json\/wp\/v2\/users\/25"}],"replies":[{"embeddable":true,"href":"https:\/\/weinhaus-graf.com\/wpshop\/wp-json\/wp\/v2\/comments?post=260"}],"version-history":[{"count":3,"href":"https:\/\/weinhaus-graf.com\/wpshop\/wp-json\/wp\/v2\/pages\/260\/revisions"}],"predecessor-version":[{"id":265,"href":"https:\/\/weinhaus-graf.com\/wpshop\/wp-json\/wp\/v2\/pages\/260\/revisions\/265"}],"wp:attachment":[{"href":"https:\/\/weinhaus-graf.com\/wpshop\/wp-json\/wp\/v2\/media?parent=260"}],"curies":[{"name":"wp","href":"https:\/\/api.w.org\/{rel}","templated":true}]}}