{"id":9,"date":"2017-09-30T18:13:11","date_gmt":"2017-09-30T18:13:11","guid":{"rendered":"http:\/\/wp12871018.server-he.de\/wpshop\/?page_id=9"},"modified":"2017-12-02T21:00:35","modified_gmt":"2017-12-02T21:00:35","slug":"datenschutzbelehrung","status":"publish","type":"page","link":"https:\/\/weinhaus-graf.com\/wpshop\/datenschutzbelehrung\/","title":{"rendered":"Datenschutz"},"content":{"rendered":"<p><strong>Datenschutzerkl\u00e4rung <\/strong><\/p>\n<p>&nbsp;<\/p>\n<h2>A.\u00a0\u00a0\u00a0 Datenerhebung<\/h2>\n<p>Wir, das Weinhaus Graf, betrieben von Ulrich Graf, R\u00f6merstr. 7, 55457 Gensingen, erheben Daten beim Anbahnen, beim Abschluss, beim Abwickeln und beim R\u00fcckabwickeln eines Kaufvertrages. Diese Daten werden von uns erhoben, gespeichert und verarbeitet.<\/p>\n<p>&nbsp;<\/p>\n<p>Ihr Besuch auf unseren Webseiten wird protokolliert. Erfasst werden im Wesentlichen die aktuell von Ihrem PC verwendete IP-Adresse, Datum und Uhrzeit, der Browsertyp und das Betriebssystem Ihres PC sowie die von Ihnen betrachteten Seiten. Ein Personenbezug ist uns im Regelfall nicht m\u00f6glich und auch nicht beabsichtigt.<\/p>\n<h2>B.\u00a0\u00a0\u00a0 Datenverwendung und -weitergabe<\/h2>\n<p>Die personenbezogenen Daten, die Sie uns z.B. bei einer Bestellung oder per E-Mail mitteilen (z.B. Ihr Name und Ihre Adresse oder Ihre E-Mail-Adresse), werden nur zur Korrespondenz mit Ihnen und nur f\u00fcr den Zweck verarbeitet, zu dem Sie uns die Daten zur Verf\u00fcgung gestellt haben. Wir geben Ihre Daten nur an das mit der Lieferung beauftragte Versandunternehmen weiter, soweit dies zur Lieferung der Waren notwendig ist. Zur Abwicklung von Zahlungen geben wir Ihre Zahlungsdaten an das mit der Zahlung beauftragte Kreditinstitut weiter.<\/p>\n<p>&nbsp;<\/p>\n<p>Wir versichern, dass wir Ihre personenbezogenen Daten im \u00dcbrigen nicht an Dritte weitergeben, es sei denn, dass wir dazu gesetzlich verpflichtet w\u00e4ren oder Sie uns vorher Ihre Zustimmung gegeben haben. Soweit wir zur Durchf\u00fchrung und Abwicklung von Verarbeitungsprozessen Dienstleister in Anspruch nehmen, werden die Vertragsverh\u00e4ltnisse nach den Bestimmungen des Bundesdatenschutzgesetzes geregelt.<\/p>\n<h2>C.\u00a0\u00a0\u00a0 Speicherdauer<\/h2>\n<p>Personenbezogene Daten, die uns \u00fcber unsere Website mitgeteilt worden sind, werden nur so lange gespeichert, bis der Zweck erf\u00fcllt ist, zu dem sie uns anvertraut wurden. Soweit handels- und steuerrechtliche Aufbewahrungsfristen zu beachten sind, kann die Speicherdauer zu bestimmten Daten bis zu 10 Jahre betragen.<\/p>\n<h2>D.\u00a0\u00a0\u00a0 Kundenkonto<\/h2>\n<p>Wenn Sie ein Kundenkonto er\u00f6ffnen, willigen Sie damit ein, dass Ihre Bestandsdaten wie Name, Adresse, E-Mailadresse, und Bankverbindung sowie Ihre Nutzungsdaten (Benutzername, Passwort) gespeichert werden. Dadurch haben Sie die M\u00f6glichkeit, mit Ihrer E-Mailadresse oder Ihrer Kundennummer sowie Ihrem pers\u00f6nlichen Passwort bei uns zu bestellen. Dabei holen wir die folgende Einwilligung ein:<\/p>\n<p>&nbsp;<\/p>\n<p><em>\u201e[ ] Ich m\u00f6chte ein Kundenkonto anlegen. Bitte speichern Sie meine Daten f\u00fcr diesen Zweck. Ich kann das Einverst\u00e4ndnis jederzeit widerrufen.\u201c<\/em><\/p>\n<h2>E.\u00a0\u00a0\u00a0 Newsletter<\/h2>\n<p>Mit der Anmeldung zum Newsletter und wird Ihre E-Mail-Adresse mit Ihrer Einwilligung f\u00fcr eigene Werbezwecke genutzt. Dabei holen wir die folgende Einwilligung ein:<\/p>\n<p>&nbsp;<\/p>\n<p>\u201e[ ] Ich m\u00f6chte regelm\u00e4\u00dfig interessante Angebote per E-Mail erhalten. Meine E-Mail-Adresse wird nicht an andere Unternehmen weitergegeben. Diese Einwilligung zur Nutzung meiner E-Mail-Adresse f\u00fcr Werbezwecke kann ich jederzeit mit Wirkung f\u00fcr die Zukunft widerrufen\u201c<\/p>\n<p>&nbsp;<\/p>\n<p>Der Versand des Newsletters erfolgt ausschlie\u00dflich durch uns. Die Einwilligung zum Empfang eines Newsletters per E-Mail ist jederzeit widerrufbar. In jedem Newsletter finden Sie dazu einen Link, mit dem Sie Ihre Einwilligung widerrufen k\u00f6nnen.<\/p>\n<h2>F.\u00a0\u00a0\u00a0 Verwendung von Cookies<\/h2>\n<h3>a)\u00a0\u00a0\u00a0 Allgemein<\/h3>\n<p>Um den Besuch unserer Website attraktiv zu gestalten und die Nutzung bestimmter Funktionen zu erm\u00f6glichen, verwenden wir auf verschiedenen Seiten sogenannte Cookies. Hierbei handelt es sich um kleine Textdateien, die auf Ihrem Endger\u00e4t abgelegt werden. Einige der von uns verwendeten Cookies werden nach dem Ende der Browser-Sitzung, also nach Schlie\u00dfen Ihres Browsers, wieder gel\u00f6scht (sog. Sitzungs-Cookies). Andere Cookies verbleiben auf Ihrem Endger\u00e4t und erm\u00f6glichen uns, Ihren Browser beim n\u00e4chsten Besuch wiederzuerkennen (persistente Cookies).<\/p>\n<h3>b)\u00a0\u00a0\u00a0 Steuerung nach der Einwilligung<\/h3>\n<p>Im \u00dcbrigen k\u00f6nnen Sie Cookies, sofern Sie in deren Verwendung eingewilligt haben, nach Belieben steuern und\/oder l\u00f6schen. Wie, erfahren Sie z.B. hier: <a href=\"http:\/\/www.allaboutcookies.org\/manage-cookies\/\">AllAboutCookies.org<\/a>. Sie k\u00f6nnen alle auf Ihrem Rechner abgelegten Cookies l\u00f6schen und die meisten Browser so einstellen, dass die Ablage von Cookies verhindert wird. Dann m\u00fcssen Sie aber m\u00f6glicherweise einige Einstellungen bei jedem Besuch einer Seite manuell vornehmen und die Beeintr\u00e4chtigung mancher Funktionen in Kauf nehmen.<\/p>\n<p>&nbsp;<\/p>\n<h2>G.\u00a0\u00a0\u00a0 TLS-Verschl\u00fcsselung<\/h2>\n<h2>H.\u00a0\u00a0\u00a0 Einwilligung und Widerruf<\/h2>\n<p>Wenn Sie uns personenbezogene Daten \u00fcberlassen haben, k\u00f6nnen Sie diese jederzeit wieder l\u00f6schen. Daten f\u00fcr Abrechnungs- und buchhalterische Zwecke sind von einer K\u00fcndigung\/einem Widerruf bzw. von einer L\u00f6schung nicht ber\u00fchrt.<\/p>\n<h2>I.\u00a0\u00a0\u00a0\u00a0\u00a0 <strong>Ihre Rechte, Auskunft<\/strong><\/h2>\n<p>Sollten Sie mit der Speicherung Ihrer personenbezogenen Daten nicht mehr einverstanden oder diese unrichtig geworden sein, werden wir auf eine entsprechende Weisung hin die L\u00f6schung oder Sperrung Ihrer Daten veranlassen oder die notwendigen Korrekturen vornehmen (soweit dies nach dem geltendem Recht m\u00f6glich ist). Auf Wunsch erhalten Sie unentgeltlich Auskunft \u00fcber alle personenbezogenen Daten, die wir \u00fcber Sie gespeichert haben.<\/p>\n<p>&nbsp;<\/p>\n<p>Bei Fragen zur Erhebung, Verarbeitung oder Nutzung Ihrer personenbezogenen Daten, bei Ausk\u00fcnften, Berichtigung, Sperrung oder L\u00f6schung von Daten wenden Sie sich bitte per E-Mail an: \u00a0<a href=\"mailto:info@weinhaus-graf.de\">info@weinhaus-graf.de<\/a>.<\/p>\n","protected":false},"excerpt":{"rendered":"<p>Datenschutzerkl\u00e4rung &nbsp; A.\u00a0\u00a0\u00a0 Datenerhebung Wir, das Weinhaus Graf, betrieben von Ulrich Graf, R\u00f6merstr. 7, 55457 Gensingen, erheben Daten beim Anbahnen, beim Abschluss, beim Abwickeln und beim R\u00fcckabwickeln eines Kaufvertrages. Diese Daten werden von uns erhoben, gespeichert und verarbeitet. &nbsp; Ihr Besuch auf unseren Webseiten wird protokolliert. Erfasst werden im Wesentlichen die aktuell von Ihrem PC [&hellip;]<\/p>\n","protected":false},"author":25,"featured_media":0,"parent":0,"menu_order":0,"comment_status":"closed","ping_status":"closed","template":"","meta":{"footnotes":""},"class_list":["post-9","page","type-page","status-publish","hentry"],"_links":{"self":[{"href":"https:\/\/weinhaus-graf.com\/wpshop\/wp-json\/wp\/v2\/pages\/9","targetHints":{"allow":["GET"]}}],"collection":[{"href":"https:\/\/weinhaus-graf.com\/wpshop\/wp-json\/wp\/v2\/pages"}],"about":[{"href":"https:\/\/weinhaus-graf.com\/wpshop\/wp-json\/wp\/v2\/types\/page"}],"author":[{"embeddable":true,"href":"https:\/\/weinhaus-graf.com\/wpshop\/wp-json\/wp\/v2\/users\/25"}],"replies":[{"embeddable":true,"href":"https:\/\/weinhaus-graf.com\/wpshop\/wp-json\/wp\/v2\/comments?post=9"}],"version-history":[{"count":1,"href":"https:\/\/weinhaus-graf.com\/wpshop\/wp-json\/wp\/v2\/pages\/9\/revisions"}],"predecessor-version":[{"id":278,"href":"https:\/\/weinhaus-graf.com\/wpshop\/wp-json\/wp\/v2\/pages\/9\/revisions\/278"}],"wp:attachment":[{"href":"https:\/\/weinhaus-graf.com\/wpshop\/wp-json\/wp\/v2\/media?parent=9"}],"curies":[{"name":"wp","href":"https:\/\/api.w.org\/{rel}","templated":true}]}}