{"id":187,"date":"2017-10-19T18:23:34","date_gmt":"2017-10-19T18:23:34","guid":{"rendered":"http:\/\/weinhaus-graf.com\/wpshop\/?post_type=product&#038;p=187"},"modified":"2025-04-23T21:02:51","modified_gmt":"2025-04-23T21:02:51","slug":"sekt-cuvee-extra-trocken","status":"publish","type":"product","link":"https:\/\/weinhaus-graf.com\/wpshop\/shop\/sekte-secco\/sekt-cuvee-extra-trocken\/","title":{"rendered":"Sekt Cuv\u00e9e extra trocken"},"content":{"rendered":"<h1>Sekt Cuv\u00e9e extra trocken<\/h1>\n<p>&nbsp;<\/p>\n<p>&nbsp;<\/p>\n<table>\n<tbody>\n<tr>\n<td>Menge<\/td>\n<td>0,75l<\/td>\n<\/tr>\n<tr>\n<td><small>(Grundpreis pro Liter)<\/small><\/td>\n<td><small>(11,07\u20ac)<\/small><\/td>\n<\/tr>\n<tr>\n<td><\/td>\n<td><\/td>\n<\/tr>\n<tr>\n<td>Alkohol in vol-%<\/td>\n<td>11,5<\/td>\n<\/tr>\n<tr>\n<td>Rests\u00fc\u00dfe in Gramm\/l<\/td>\n<td>17,3<\/td>\n<\/tr>\n<tr>\n<td>S\u00e4ure in Gramm\/l<\/td>\n<td>6,0<\/td>\n<\/tr>\n<tr>\n<td><\/td>\n<td><\/td>\n<\/tr>\n<tr>\n<td>Artikelnummer<\/td>\n<td>405<\/td>\n<\/tr>\n<tr>\n<td><\/td>\n<td><\/td>\n<\/tr>\n<tr>\n<td><small>Hinweise:<\/small><\/td>\n<td><small>enth\u00e4lt Sulfite<\/small><\/td>\n<\/tr>\n<tr>\n<td>N\u00e4hrwertangaben je 100ml<\/td>\n<td><\/td>\n<\/tr>\n<tr>\n<td>306 kj<\/td>\n<td>72 kcal<\/td>\n<\/tr>\n<tr>\n<td>Kohlenhydrate<\/td>\n<td>2,2 g<\/td>\n<\/tr>\n<tr>\n<td>davon Zucker<\/td>\n<td>1,7 g<\/td>\n<\/tr>\n<tr>\n<td>Enth\u00e4lt geringe Mengen an Fett, ges\u00e4ttigte Fetts\u00e4uren, Eiwei\u00df und Salze<\/td>\n<td><\/td>\n<\/tr>\n<tr>\n<td>Zutatenverzeichnis<\/td>\n<td><\/td>\n<\/tr>\n<tr>\n<td>Trauben, F\u00fclldosage, Versanddosage, S\u00e4ureregulatoren (enth\u00e4lt Milchs\u00e4ure und\/oder Apfels\u00e4ure (D,L-\/L-) und\/oder Weins\u00e4ure (L(+)-))<\/td>\n<td><\/td>\n<\/tr>\n<tr>\n<td><\/td>\n<td><\/td>\n<\/tr>\n<tr>\n<td>Konservierungsstoff<\/td>\n<td>Sulfite<\/td>\n<\/tr>\n<tr>\n<td><\/td>\n<td>Die Abf\u00fcllung kann unter Schutzatmosph\u00e4re erfolgt sein<\/td>\n<\/tr>\n<\/tbody>\n<\/table>\n&nbsp;\n\n<hr>\n\n<h3>Orientierungshilfe<\/h3>\n<strong>A<\/strong> = Alkohol in vol-% \/ <strong>RS<\/strong> = Rests\u00fc\u00dfe in Gramm\/l (unvergorener Trauben- und Fruchtzucker) \/ <strong>S<\/strong> = S\u00e4ure in Gramm\/l (Weins\u00e4ure)\n\n<hr>\n\n<h3>Lieferzeiten<\/h3>\nDie Lieferzeit per <strong>Nachnahme<\/strong> betr\u00e4gt 3 bis 7 Werktage.\n\nBeim <strong>Kauf per Vorkasse<\/strong> erhalten Sie nach Zahlungseingang per E-Mail eine Rechnungskopie. Die Lieferung der Ware erfolgt, sofern beim Angebot nicht anders angegeben, innerhalb von 3-7 Werktagen nach \u00dcbersendung dieser E-Mail.\n\n&nbsp;\n","protected":false},"excerpt":{"rendered":"<p>Sekt Cuv\u00e9e extra trocken &nbsp; &nbsp; Menge 0,75l (Grundpreis pro Liter) (11,07\u20ac) Alkohol in vol-% 11,5 Rests\u00fc\u00dfe in Gramm\/l 17,3 S\u00e4ure in Gramm\/l 6,0 Artikelnummer 405 Hinweise: enth\u00e4lt Sulfite N\u00e4hrwertangaben je 100ml 306 kj 72 kcal Kohlenhydrate 2,2 g davon Zucker 1,7 g Enth\u00e4lt geringe Mengen an Fett, ges\u00e4ttigte Fetts\u00e4uren, Eiwei\u00df und Salze Zutatenverzeichnis Trauben, [&hellip;]<\/p>\n","protected":false},"featured_media":184,"template":"","meta":[],"product_brand":[],"product_cat":[35],"product_tag":[],"class_list":{"0":"post-187","1":"product","2":"type-product","3":"status-publish","4":"has-post-thumbnail","6":"product_cat-sekte-secco","8":"first","9":"instock","10":"taxable","11":"shipping-taxable","12":"purchasable","13":"product-type-simple"},"_links":{"self":[{"href":"https:\/\/weinhaus-graf.com\/wpshop\/wp-json\/wp\/v2\/product\/187","targetHints":{"allow":["GET"]}}],"collection":[{"href":"https:\/\/weinhaus-graf.com\/wpshop\/wp-json\/wp\/v2\/product"}],"about":[{"href":"https:\/\/weinhaus-graf.com\/wpshop\/wp-json\/wp\/v2\/types\/product"}],"wp:featuredmedia":[{"embeddable":true,"href":"https:\/\/weinhaus-graf.com\/wpshop\/wp-json\/wp\/v2\/media\/184"}],"wp:attachment":[{"href":"https:\/\/weinhaus-graf.com\/wpshop\/wp-json\/wp\/v2\/media?parent=187"}],"wp:term":[{"taxonomy":"product_brand","embeddable":true,"href":"https:\/\/weinhaus-graf.com\/wpshop\/wp-json\/wp\/v2\/product_brand?post=187"},{"taxonomy":"product_cat","embeddable":true,"href":"https:\/\/weinhaus-graf.com\/wpshop\/wp-json\/wp\/v2\/product_cat?post=187"},{"taxonomy":"product_tag","embeddable":true,"href":"https:\/\/weinhaus-graf.com\/wpshop\/wp-json\/wp\/v2\/product_tag?post=187"}],"curies":[{"name":"wp","href":"https:\/\/api.w.org\/{rel}","templated":true}]}}