{"id":318,"date":"2018-09-20T19:02:34","date_gmt":"2018-09-20T19:02:34","guid":{"rendered":"https:\/\/weinhaus-graf.com\/wpshop\/?post_type=product&#038;p=318"},"modified":"2025-03-17T20:06:53","modified_gmt":"2025-03-17T20:06:53","slug":"2024er-dornfelder","status":"publish","type":"product","link":"https:\/\/weinhaus-graf.com\/wpshop\/shop\/rotweine\/halbtrocken-rotweine\/2024er-dornfelder\/","title":{"rendered":"2024er Dornfelder Qualit\u00e4tswein halbtrocken"},"content":{"rendered":"<h1>Dornfelder<\/h1>\n<h2>2024er Qualit\u00e4tswein halbtrocken<\/h2>\n<p>&nbsp;<\/p>\n<table>\n<tbody>\n<tr>\n<td>Menge<\/td>\n<td>0,75l<\/td>\n<\/tr>\n<tr>\n<td><small>(Grundpreis pro Liter)<\/small><\/td>\n<td><small>(8,67\u20ac)<\/small><\/td>\n<\/tr>\n<tr>\n<td><\/td>\n<td><\/td>\n<\/tr>\n<tr>\n<td>Alkohol in vol-%<\/td>\n<td>12,0<\/td>\n<\/tr>\n<tr>\n<td>Rests\u00fc\u00dfe in Gramm\/l<\/td>\n<td>13,7<\/td>\n<\/tr>\n<tr>\n<td>S\u00e4ure in Gramm\/l<\/td>\n<td>5,4<\/td>\n<\/tr>\n<tr>\n<td><\/td>\n<td><\/td>\n<\/tr>\n<tr>\n<td>Artikelnummer<\/td>\n<td>24102<\/td>\n<\/tr>\n<tr>\n<td><\/td>\n<td><\/td>\n<\/tr>\n<tr>\n<td><small>Hinweise:<\/small><\/td>\n<td><small>enth\u00e4lt Sulfite<\/small><\/td>\n<\/tr>\n<tr>\n<td>N\u00e4hrwertangaben je 100ml<\/td>\n<td><\/td>\n<\/tr>\n<tr>\n<td>311kj<\/td>\n<td>75kcal<\/td>\n<\/tr>\n<tr>\n<td>Kohlenhydrate<\/td>\n<td>2,3g<\/td>\n<\/tr>\n<tr>\n<td>davon Zucker<\/td>\n<td>1,4g<\/td>\n<\/tr>\n<tr>\n<td>Enth\u00e4lt geringe Mengen an Fett, ges\u00e4ttigte Fetts\u00e4uren, Eiwei\u00df und Salze<\/td>\n<td><\/td>\n<\/tr>\n<tr>\n<td>Zutatenverzeichnis<\/td>\n<td><\/td>\n<\/tr>\n<tr>\n<td>Trauben<\/td>\n<td>Saccharose<\/td>\n<\/tr>\n<tr>\n<td>Stabilisator<\/td>\n<td>Metaweins\u00e4ure<\/td>\n<\/tr>\n<tr>\n<td>Konservierungsstoff<\/td>\n<td>Sulfite<\/td>\n<\/tr>\n<tr>\n<td><\/td>\n<td>Die Abf\u00fcllung kann unter Schutzatmosph\u00e4re erfolgt sein<\/td>\n<\/tr>\n<\/tbody>\n<\/table>\n&nbsp;\n\n<hr>\n\n<h3>Orientierungshilfe<\/h3>\n<strong>A<\/strong> = Alkohol in vol-% \/ <strong>RS<\/strong> = Rests\u00fc\u00dfe in Gramm\/l (unvergorener Trauben- und Fruchtzucker) \/ <strong>S<\/strong> = S\u00e4ure in Gramm\/l (Weins\u00e4ure)\n\n<hr>\n\n<h3>Lieferzeiten<\/h3>\nDie Lieferzeit per <strong>Nachnahme<\/strong> betr\u00e4gt 3 bis 7 Werktage.\n\nBeim <strong>Kauf per Vorkasse<\/strong> erhalten Sie nach Zahlungseingang per E-Mail eine Rechnungskopie. Die Lieferung der Ware erfolgt, sofern beim Angebot nicht anders angegeben, innerhalb von 3-7 Werktagen nach \u00dcbersendung dieser E-Mail.\n\n&nbsp;\n","protected":false},"excerpt":{"rendered":"<p>Dornfelder 2024er Qualit\u00e4tswein halbtrocken &nbsp; Menge 0,75l (Grundpreis pro Liter) (8,67\u20ac) Alkohol in vol-% 12,0 Rests\u00fc\u00dfe in Gramm\/l 13,7 S\u00e4ure in Gramm\/l 5,4 Artikelnummer 24102 Hinweise: enth\u00e4lt Sulfite N\u00e4hrwertangaben je 100ml 311kj 75kcal Kohlenhydrate 2,3g davon Zucker 1,4g Enth\u00e4lt geringe Mengen an Fett, ges\u00e4ttigte Fetts\u00e4uren, Eiwei\u00df und Salze Zutatenverzeichnis Trauben Saccharose Stabilisator Metaweins\u00e4ure Konservierungsstoff Sulfite [&hellip;]<\/p>\n","protected":false},"featured_media":118,"template":"","meta":[],"product_brand":[],"product_cat":[44],"product_tag":[],"class_list":{"0":"post-318","1":"product","2":"type-product","3":"status-publish","4":"has-post-thumbnail","6":"product_cat-halbtrocken-rotweine","8":"first","9":"instock","10":"taxable","11":"shipping-taxable","12":"purchasable","13":"product-type-simple"},"_links":{"self":[{"href":"https:\/\/weinhaus-graf.com\/wpshop\/wp-json\/wp\/v2\/product\/318","targetHints":{"allow":["GET"]}}],"collection":[{"href":"https:\/\/weinhaus-graf.com\/wpshop\/wp-json\/wp\/v2\/product"}],"about":[{"href":"https:\/\/weinhaus-graf.com\/wpshop\/wp-json\/wp\/v2\/types\/product"}],"wp:featuredmedia":[{"embeddable":true,"href":"https:\/\/weinhaus-graf.com\/wpshop\/wp-json\/wp\/v2\/media\/118"}],"wp:attachment":[{"href":"https:\/\/weinhaus-graf.com\/wpshop\/wp-json\/wp\/v2\/media?parent=318"}],"wp:term":[{"taxonomy":"product_brand","embeddable":true,"href":"https:\/\/weinhaus-graf.com\/wpshop\/wp-json\/wp\/v2\/product_brand?post=318"},{"taxonomy":"product_cat","embeddable":true,"href":"https:\/\/weinhaus-graf.com\/wpshop\/wp-json\/wp\/v2\/product_cat?post=318"},{"taxonomy":"product_tag","embeddable":true,"href":"https:\/\/weinhaus-graf.com\/wpshop\/wp-json\/wp\/v2\/product_tag?post=318"}],"curies":[{"name":"wp","href":"https:\/\/api.w.org\/{rel}","templated":true}]}}