{"id":369,"date":"2019-07-13T18:27:31","date_gmt":"2019-07-13T18:27:31","guid":{"rendered":"https:\/\/weinhaus-graf.com\/wpshop\/?post_type=product&#038;p=369"},"modified":"2025-03-17T20:13:50","modified_gmt":"2025-03-17T20:13:50","slug":"2024er-riesling","status":"publish","type":"product","link":"https:\/\/weinhaus-graf.com\/wpshop\/shop\/weissweine\/trocken-weissweine\/2024er-riesling\/","title":{"rendered":"2024er Riesling Qualit\u00e4tswein trocken"},"content":{"rendered":"<h1>Riesling<\/h1>\n<h2>2024er Qualit\u00e4tswein trocken<\/h2>\n<p>&nbsp;<\/p>\n<p>&nbsp;<\/p>\n<table>\n<tbody>\n<tr>\n<td>Menge<\/td>\n<td>0,75l<\/td>\n<\/tr>\n<tr>\n<td><small>(Grundpreis pro Liter)<\/small><\/td>\n<td><small>(8,67\u20ac)<\/small><\/td>\n<\/tr>\n<tr>\n<td><\/td>\n<td><\/td>\n<\/tr>\n<tr>\n<td>Alkohol in vol-%<\/td>\n<td>12,0<\/td>\n<\/tr>\n<tr>\n<td>Rests\u00fc\u00dfe in Gramm\/l<\/td>\n<td>4,3<\/td>\n<\/tr>\n<tr>\n<td>S\u00e4ure in Gramm\/l<\/td>\n<td>6,8<\/td>\n<\/tr>\n<tr>\n<td><\/td>\n<td><\/td>\n<\/tr>\n<tr>\n<td>Artikelnummer<\/td>\n<td>24305<\/td>\n<\/tr>\n<tr>\n<td><\/td>\n<td><\/td>\n<\/tr>\n<tr>\n<td><small>Hinweise:<\/small><\/td>\n<td><small>enth\u00e4lt Sulfite<\/small><\/td>\n<\/tr>\n<tr>\n<td>N\u00e4hrwertangaben je 100ml<\/td>\n<td><\/td>\n<\/tr>\n<tr>\n<td>298kj<\/td>\n<td>71,5kcal<\/td>\n<\/tr>\n<tr>\n<td>Kohlenhydrate<\/td>\n<td>1,38g<\/td>\n<\/tr>\n<tr>\n<td>davon Zucker<\/td>\n<td>0,44g<\/td>\n<\/tr>\n<tr>\n<td>Enth\u00e4lt geringe Mengen an Fett, ges\u00e4ttigte Fetts\u00e4uren, Eiwei\u00df und Salze<\/td>\n<td><\/td>\n<\/tr>\n<tr>\n<td>Zutatenverzeichnis<\/td>\n<td><\/td>\n<\/tr>\n<tr>\n<td>Trauben<\/td>\n<td>Saccharose<\/td>\n<\/tr>\n<tr>\n<td>Konservierungsstoff<\/td>\n<td>Sulfite<\/td>\n<\/tr>\n<tr>\n<td><\/td>\n<td>Die Abf\u00fcllung kann unter Schutzatmosph\u00e4re erfolgt sein<\/td>\n<\/tr>\n<\/tbody>\n<\/table>\n&nbsp;\n\n<hr>\n\n<h3>Orientierungshilfe<\/h3>\n<strong>A<\/strong> = Alkohol in vol-% \/ <strong>RS<\/strong> = Rests\u00fc\u00dfe in Gramm\/l (unvergorener Trauben- und Fruchtzucker) \/ <strong>S<\/strong> = S\u00e4ure in Gramm\/l (Weins\u00e4ure)\n\n<hr>\n\n<h3>Lieferzeiten<\/h3>\nDie Lieferzeit per <strong>Nachnahme<\/strong> betr\u00e4gt 3 bis 7 Werktage.\n\nBeim <strong>Kauf per Vorkasse<\/strong> erhalten Sie nach Zahlungseingang per E-Mail eine Rechnungskopie. Die Lieferung der Ware erfolgt, sofern beim Angebot nicht anders angegeben, innerhalb von 3-7 Werktagen nach \u00dcbersendung dieser E-Mail.\n\n&nbsp;\n","protected":false},"excerpt":{"rendered":"<p>Riesling 2024er Qualit\u00e4tswein trocken &nbsp; &nbsp; Menge 0,75l (Grundpreis pro Liter) (8,67\u20ac) Alkohol in vol-% 12,0 Rests\u00fc\u00dfe in Gramm\/l 4,3 S\u00e4ure in Gramm\/l 6,8 Artikelnummer 24305 Hinweise: enth\u00e4lt Sulfite N\u00e4hrwertangaben je 100ml 298kj 71,5kcal Kohlenhydrate 1,38g davon Zucker 0,44g Enth\u00e4lt geringe Mengen an Fett, ges\u00e4ttigte Fetts\u00e4uren, Eiwei\u00df und Salze Zutatenverzeichnis Trauben Saccharose Konservierungsstoff Sulfite Die [&hellip;]<\/p>\n","protected":false},"featured_media":112,"template":"","meta":[],"product_brand":[],"product_cat":[51],"product_tag":[],"class_list":{"0":"post-369","1":"product","2":"type-product","3":"status-publish","4":"has-post-thumbnail","6":"product_cat-trocken-weissweine","8":"first","9":"instock","10":"taxable","11":"shipping-taxable","12":"purchasable","13":"product-type-simple"},"_links":{"self":[{"href":"https:\/\/weinhaus-graf.com\/wpshop\/wp-json\/wp\/v2\/product\/369","targetHints":{"allow":["GET"]}}],"collection":[{"href":"https:\/\/weinhaus-graf.com\/wpshop\/wp-json\/wp\/v2\/product"}],"about":[{"href":"https:\/\/weinhaus-graf.com\/wpshop\/wp-json\/wp\/v2\/types\/product"}],"wp:featuredmedia":[{"embeddable":true,"href":"https:\/\/weinhaus-graf.com\/wpshop\/wp-json\/wp\/v2\/media\/112"}],"wp:attachment":[{"href":"https:\/\/weinhaus-graf.com\/wpshop\/wp-json\/wp\/v2\/media?parent=369"}],"wp:term":[{"taxonomy":"product_brand","embeddable":true,"href":"https:\/\/weinhaus-graf.com\/wpshop\/wp-json\/wp\/v2\/product_brand?post=369"},{"taxonomy":"product_cat","embeddable":true,"href":"https:\/\/weinhaus-graf.com\/wpshop\/wp-json\/wp\/v2\/product_cat?post=369"},{"taxonomy":"product_tag","embeddable":true,"href":"https:\/\/weinhaus-graf.com\/wpshop\/wp-json\/wp\/v2\/product_tag?post=369"}],"curies":[{"name":"wp","href":"https:\/\/api.w.org\/{rel}","templated":true}]}}