{"id":7856,"date":"2023-06-27T15:32:48","date_gmt":"2023-06-27T15:32:48","guid":{"rendered":"https:\/\/weinhaus-graf.com\/wpshop\/?post_type=product&#038;p=7856"},"modified":"2025-03-17T20:12:14","modified_gmt":"2025-03-17T20:12:14","slug":"2024er-weisser-burgunder-kabinett-trocken","status":"publish","type":"product","link":"https:\/\/weinhaus-graf.com\/wpshop\/shop\/weissweine\/trocken-weissweine\/2024er-weisser-burgunder-kabinett-trocken\/","title":{"rendered":"2024er Wei\u00dfer Burgunder Qualit\u00e4tswein trocken"},"content":{"rendered":"<h1>Wei\u00dfer Burgunder<\/h1>\n<h2>2024er Qualit\u00e4tswein trocken<\/h2>\n<p>&nbsp;<\/p>\n<table>\n<tbody>\n<tr>\n<td>Menge<\/td>\n<td>0,75l<\/td>\n<\/tr>\n<tr>\n<td><small>(Grundpreis pro Liter)<\/small><\/td>\n<td><small>(9,73\u20ac)<\/small><\/td>\n<\/tr>\n<tr>\n<td><\/td>\n<td><\/td>\n<\/tr>\n<tr>\n<td>Alkohol in vol-%<\/td>\n<td>12,5<\/td>\n<\/tr>\n<tr>\n<td>Rests\u00fc\u00dfe in Gramm\/l<\/td>\n<td>7,6<\/td>\n<\/tr>\n<tr>\n<td>S\u00e4ure in Gramm\/l<\/td>\n<td>5,9<\/td>\n<\/tr>\n<tr>\n<td><\/td>\n<td><\/td>\n<\/tr>\n<tr>\n<td>Artikelnummer<\/td>\n<td>24307<\/td>\n<\/tr>\n<tr>\n<td><\/td>\n<td><\/td>\n<\/tr>\n<tr>\n<td><small>Hinweise:<\/small><\/td>\n<td><small>enth\u00e4lt Sulfite<\/small><\/td>\n<\/tr>\n<tr>\n<td>N\u00e4hrwertangaben je 100ml<\/td>\n<td><\/td>\n<\/tr>\n<tr>\n<td>319 kj<\/td>\n<td>76,7kcal<\/td>\n<\/tr>\n<tr>\n<td>Kohlenhydrate<\/td>\n<td>1,73g<\/td>\n<\/tr>\n<tr>\n<td>davon Zucker<\/td>\n<td>0,73g<\/td>\n<\/tr>\n<tr>\n<td>Enth\u00e4lt geringe Mengen an Fett, ges\u00e4ttigte Fetts\u00e4uren, Eiwei\u00df und Salze<\/td>\n<td><\/td>\n<\/tr>\n<tr>\n<td>Zutatenverzeichnis<\/td>\n<td><\/td>\n<\/tr>\n<tr>\n<td>Trauben<\/td>\n<td>Saccharose<\/td>\n<\/tr>\n<tr>\n<td>Stabilisator<\/td>\n<td>Carboxymethyl-Cellulose<\/td>\n<\/tr>\n<tr>\n<td>Konservierungsstoff<\/td>\n<td>Sulfite<\/td>\n<\/tr>\n<tr>\n<td><\/td>\n<td>Die Abf\u00fcllung kann unter Schutzatmosph\u00e4re erfolgt sein<\/td>\n<\/tr>\n<\/tbody>\n<\/table>\n&nbsp;\n\n<hr>\n\n<h3>Orientierungshilfe<\/h3>\n<strong>A<\/strong> = Alkohol in vol-% \/ <strong>RS<\/strong> = Rests\u00fc\u00dfe in Gramm\/l (unvergorener Trauben- und Fruchtzucker) \/ <strong>S<\/strong> = S\u00e4ure in Gramm\/l (Weins\u00e4ure)\n\n<hr>\n\n<h3>Lieferzeiten<\/h3>\nDie Lieferzeit per <strong>Nachnahme<\/strong> betr\u00e4gt 3 bis 7 Werktage.\n\nBeim <strong>Kauf per Vorkasse<\/strong> erhalten Sie nach Zahlungseingang per E-Mail eine Rechnungskopie. Die Lieferung der Ware erfolgt, sofern beim Angebot nicht anders angegeben, innerhalb von 3-7 Werktagen nach \u00dcbersendung dieser E-Mail.\n\n&nbsp;\n","protected":false},"excerpt":{"rendered":"<p>Wei\u00dfer Burgunder 2024er Qualit\u00e4tswein trocken &nbsp; Menge 0,75l (Grundpreis pro Liter) (9,73\u20ac) Alkohol in vol-% 12,5 Rests\u00fc\u00dfe in Gramm\/l 7,6 S\u00e4ure in Gramm\/l 5,9 Artikelnummer 24307 Hinweise: enth\u00e4lt Sulfite N\u00e4hrwertangaben je 100ml 319 kj 76,7kcal Kohlenhydrate 1,73g davon Zucker 0,73g Enth\u00e4lt geringe Mengen an Fett, ges\u00e4ttigte Fetts\u00e4uren, Eiwei\u00df und Salze Zutatenverzeichnis Trauben Saccharose Stabilisator Carboxymethyl-Cellulose [&hellip;]<\/p>\n","protected":false},"featured_media":153,"template":"","meta":[],"product_brand":[],"product_cat":[51],"product_tag":[],"class_list":{"0":"post-7856","1":"product","2":"type-product","3":"status-publish","4":"has-post-thumbnail","6":"product_cat-trocken-weissweine","8":"first","9":"instock","10":"taxable","11":"shipping-taxable","12":"purchasable","13":"product-type-simple"},"_links":{"self":[{"href":"https:\/\/weinhaus-graf.com\/wpshop\/wp-json\/wp\/v2\/product\/7856","targetHints":{"allow":["GET"]}}],"collection":[{"href":"https:\/\/weinhaus-graf.com\/wpshop\/wp-json\/wp\/v2\/product"}],"about":[{"href":"https:\/\/weinhaus-graf.com\/wpshop\/wp-json\/wp\/v2\/types\/product"}],"wp:featuredmedia":[{"embeddable":true,"href":"https:\/\/weinhaus-graf.com\/wpshop\/wp-json\/wp\/v2\/media\/153"}],"wp:attachment":[{"href":"https:\/\/weinhaus-graf.com\/wpshop\/wp-json\/wp\/v2\/media?parent=7856"}],"wp:term":[{"taxonomy":"product_brand","embeddable":true,"href":"https:\/\/weinhaus-graf.com\/wpshop\/wp-json\/wp\/v2\/product_brand?post=7856"},{"taxonomy":"product_cat","embeddable":true,"href":"https:\/\/weinhaus-graf.com\/wpshop\/wp-json\/wp\/v2\/product_cat?post=7856"},{"taxonomy":"product_tag","embeddable":true,"href":"https:\/\/weinhaus-graf.com\/wpshop\/wp-json\/wp\/v2\/product_tag?post=7856"}],"curies":[{"name":"wp","href":"https:\/\/api.w.org\/{rel}","templated":true}]}}