{"id":7872,"date":"2025-03-09T18:17:39","date_gmt":"2025-03-09T18:17:39","guid":{"rendered":"https:\/\/weinhaus-graf.com\/wpshop\/?post_type=product&#038;p=7872"},"modified":"2025-03-17T20:10:08","modified_gmt":"2025-03-17T20:10:08","slug":"2024er-chardonnay-qualitaetswein","status":"publish","type":"product","link":"https:\/\/weinhaus-graf.com\/wpshop\/shop\/weissweine\/trocken-weissweine\/2024er-chardonnay-qualitaetswein\/","title":{"rendered":"2024er Chardonnay Qualit\u00e4tswein trocken"},"content":{"rendered":"<h1>Chardonnay Qualit\u00e4tswein trocken<\/h1>\n<p>&nbsp;<\/p>\n<p>&nbsp;<\/p>\n<table>\n<tbody>\n<tr>\n<td>Menge<\/td>\n<td>0,75l<\/td>\n<\/tr>\n<tr>\n<td><small>(Grundpreis pro Liter)<\/small><\/td>\n<td><small>(9,73\u20ac)<\/small><\/td>\n<\/tr>\n<tr>\n<td><\/td>\n<td><\/td>\n<\/tr>\n<tr>\n<td>Alkohol in vol-%<\/td>\n<td>12,0<\/td>\n<\/tr>\n<tr>\n<td>Rests\u00fc\u00dfe in Gramm\/l<\/td>\n<td>4,9<\/td>\n<\/tr>\n<tr>\n<td>S\u00e4ure in Gramm\/l<\/td>\n<td>6,2<\/td>\n<\/tr>\n<tr>\n<td><\/td>\n<td><\/td>\n<\/tr>\n<tr>\n<td>Artikelnummer<\/td>\n<td>24306<\/td>\n<\/tr>\n<tr>\n<td><\/td>\n<td><\/td>\n<\/tr>\n<tr>\n<td><small>Hinweise:<\/small><\/td>\n<td><small>enth\u00e4lt Sulfite<\/small><\/td>\n<\/tr>\n<tr>\n<td>N\u00e4hrwertangaben je 100ml<\/td>\n<td><\/td>\n<\/tr>\n<tr>\n<td>Brennwert<\/td>\n<td>299kj (72kcal)<\/td>\n<\/tr>\n<tr>\n<td>Kohlenhydrate<\/td>\n<td>1,4g<\/td>\n<\/tr>\n<tr>\n<td>davon Zucker<\/td>\n<td>&lt;0,5g<\/td>\n<\/tr>\n<tr>\n<td>Enth\u00e4lt geringe Mengen an Fett, ges\u00e4ttigte Fetts\u00e4uren, Eiwei\u00df und Salze<\/td>\n<td><\/td>\n<\/tr>\n<tr>\n<td>Zutatenverzeichnis<\/td>\n<td><\/td>\n<\/tr>\n<tr>\n<td>Trauben<\/td>\n<td>Saccharose<\/td>\n<\/tr>\n<tr>\n<td>Stabilisator<\/td>\n<td>Metaweins\u00e4ure<\/td>\n<\/tr>\n<tr>\n<td>Konservierungsstoff<\/td>\n<td>Sulfite, L-Ascorbins\u00e4ure<\/td>\n<\/tr>\n<tr>\n<td><\/td>\n<td>Die Abf\u00fcllung kann unter Schutzatmosph\u00e4re erfolgt sein<\/td>\n<\/tr>\n<\/tbody>\n<\/table>\n&nbsp;\n\n<hr>\n\n<h3>Orientierungshilfe<\/h3>\n<strong>A<\/strong> = Alkohol in vol-% \/ <strong>RS<\/strong> = Rests\u00fc\u00dfe in Gramm\/l (unvergorener Trauben- und Fruchtzucker) \/ <strong>S<\/strong> = S\u00e4ure in Gramm\/l (Weins\u00e4ure)\n\n<hr>\n\n<h3>Lieferzeiten<\/h3>\nDie Lieferzeit per <strong>Nachnahme<\/strong> betr\u00e4gt 3 bis 7 Werktage.\n\nBeim <strong>Kauf per Vorkasse<\/strong> erhalten Sie nach Zahlungseingang per E-Mail eine Rechnungskopie. Die Lieferung der Ware erfolgt, sofern beim Angebot nicht anders angegeben, innerhalb von 3-7 Werktagen nach \u00dcbersendung dieser E-Mail.\n\n&nbsp;\n","protected":false},"excerpt":{"rendered":"<p>Chardonnay Qualit\u00e4tswein trocken &nbsp; &nbsp; Menge 0,75l (Grundpreis pro Liter) (9,73\u20ac) Alkohol in vol-% 12,0 Rests\u00fc\u00dfe in Gramm\/l 4,9 S\u00e4ure in Gramm\/l 6,2 Artikelnummer 24306 Hinweise: enth\u00e4lt Sulfite N\u00e4hrwertangaben je 100ml Brennwert 299kj (72kcal) Kohlenhydrate 1,4g davon Zucker &lt;0,5g Enth\u00e4lt geringe Mengen an Fett, ges\u00e4ttigte Fetts\u00e4uren, Eiwei\u00df und Salze Zutatenverzeichnis Trauben Saccharose Stabilisator Metaweins\u00e4ure Konservierungsstoff [&hellip;]<\/p>\n","protected":false},"featured_media":0,"template":"","meta":[],"product_brand":[],"product_cat":[51],"product_tag":[],"class_list":{"0":"post-7872","1":"product","2":"type-product","3":"status-publish","5":"product_cat-trocken-weissweine","7":"first","8":"instock","9":"taxable","10":"shipping-taxable","11":"purchasable","12":"product-type-simple"},"_links":{"self":[{"href":"https:\/\/weinhaus-graf.com\/wpshop\/wp-json\/wp\/v2\/product\/7872","targetHints":{"allow":["GET"]}}],"collection":[{"href":"https:\/\/weinhaus-graf.com\/wpshop\/wp-json\/wp\/v2\/product"}],"about":[{"href":"https:\/\/weinhaus-graf.com\/wpshop\/wp-json\/wp\/v2\/types\/product"}],"wp:attachment":[{"href":"https:\/\/weinhaus-graf.com\/wpshop\/wp-json\/wp\/v2\/media?parent=7872"}],"wp:term":[{"taxonomy":"product_brand","embeddable":true,"href":"https:\/\/weinhaus-graf.com\/wpshop\/wp-json\/wp\/v2\/product_brand?post=7872"},{"taxonomy":"product_cat","embeddable":true,"href":"https:\/\/weinhaus-graf.com\/wpshop\/wp-json\/wp\/v2\/product_cat?post=7872"},{"taxonomy":"product_tag","embeddable":true,"href":"https:\/\/weinhaus-graf.com\/wpshop\/wp-json\/wp\/v2\/product_tag?post=7872"}],"curies":[{"name":"wp","href":"https:\/\/api.w.org\/{rel}","templated":true}]}}